{"id":1364,"date":"2023-02-02T06:16:40","date_gmt":"2023-02-02T07:16:40","guid":{"rendered":"https:\/\/www.grupo-box.com\/?page_id=1364"},"modified":"2025-11-07T16:06:59","modified_gmt":"2025-11-07T17:06:59","slug":"expressmove-products","status":"publish","type":"page","link":"https:\/\/www.grupo-box.com\/en\/expressmove-products\/","title":{"rendered":"PRODUCTS"},"content":{"rendered":"<div data-elementor-type=\"wp-page\" data-elementor-id=\"1364\" class=\"elementor elementor-1364\">\n\t\t\t\t\t\t\t\t\t<section class=\"elementor-section elementor-top-section elementor-element elementor-element-ee9677a elementor-section-boxed elementor-section-height-default elementor-section-height-default\" data-id=\"ee9677a\" data-element_type=\"section\">\n\t\t\t\t\t\t<div class=\"elementor-container elementor-column-gap-no\">\n\t\t\t\t\t<div class=\"elementor-column elementor-col-66 elementor-top-column elementor-element elementor-element-0ecdb70\" data-id=\"0ecdb70\" data-element_type=\"column\">\n\t\t\t<div class=\"elementor-widget-wrap elementor-element-populated\">\n\t\t\t\t\t\t\t\t<section class=\"elementor-section elementor-inner-section elementor-element elementor-element-da3d0c1 elementor-section-boxed elementor-section-height-default elementor-section-height-default\" data-id=\"da3d0c1\" data-element_type=\"section\">\n\t\t\t\t\t\t<div class=\"elementor-container elementor-column-gap-no\">\n\t\t\t\t\t<div class=\"elementor-column elementor-col-100 elementor-inner-column elementor-element elementor-element-5b718d1\" data-id=\"5b718d1\" data-element_type=\"column\" data-settings=\"{&quot;background_background&quot;:&quot;classic&quot;}\">\n\t\t\t<div class=\"elementor-widget-wrap elementor-element-populated\">\n\t\t\t\t\t\t\t\t<div class=\"elementor-element elementor-element-4ebc1d7 elementor-invisible elementor-widget elementor-widget-image\" data-id=\"4ebc1d7\" data-element_type=\"widget\" data-settings=\"{&quot;_animation&quot;:&quot;fadeInUp&quot;}\" data-widget_type=\"image.default\">\n\t\t\t\t<div class=\"elementor-widget-container\">\n\t\t\t\t\t\t\t\t\t\t\t\t\t\t\t<img loading=\"lazy\" decoding=\"async\" width=\"500\" height=\"324\" src=\"https:\/\/www.grupo-box.com\/wp-content\/uploads\/2023\/01\/expressmove-500.png\" class=\"attachment-large size-large wp-image-653\" alt=\"\" srcset=\"https:\/\/www.grupo-box.com\/wp-content\/uploads\/2023\/01\/expressmove-500.png 500w, https:\/\/www.grupo-box.com\/wp-content\/uploads\/2023\/01\/expressmove-500-300x194.png 300w, https:\/\/www.grupo-box.com\/wp-content\/uploads\/2023\/01\/expressmove-500-18x12.png 18w\" sizes=\"auto, (max-width: 500px) 100vw, 500px\" \/>\t\t\t\t\t\t\t\t\t\t\t\t\t\t\t<\/div>\n\t\t\t\t<\/div>\n\t\t\t\t<div class=\"elementor-element elementor-element-04bd019 elementor-invisible elementor-widget elementor-widget-text-editor\" data-id=\"04bd019\" data-element_type=\"widget\" data-settings=\"{&quot;_animation&quot;:&quot;fadeInUp&quot;}\" data-widget_type=\"text-editor.default\">\n\t\t\t\t<div class=\"elementor-widget-container\">\n\t\t\t\t\t\t\tTo purchase any of our products, please visit our warehouse.\t\t\t\t\t\t<\/div>\n\t\t\t\t<\/div>\n\t\t\t\t\t<\/div>\n\t\t<\/div>\n\t\t\t\t\t\t\t<\/div>\n\t\t<\/section>\n\t\t\t\t<section class=\"elementor-section elementor-inner-section elementor-element elementor-element-235eee94 elementor-section-boxed elementor-section-height-default elementor-section-height-default\" data-id=\"235eee94\" data-element_type=\"section\">\n\t\t\t\t\t\t<div class=\"elementor-container elementor-column-gap-default\">\n\t\t\t\t\t<div class=\"elementor-column elementor-col-50 elementor-inner-column elementor-element elementor-element-352f567b\" data-id=\"352f567b\" data-element_type=\"column\">\n\t\t\t<div class=\"elementor-widget-wrap elementor-element-populated\">\n\t\t\t\t\t\t\t\t<div class=\"elementor-element elementor-element-9eb4320 elementor-cta--skin-classic elementor-animated-content elementor-bg-transform elementor-bg-transform-zoom-in elementor-invisible elementor-widget elementor-widget-call-to-action\" data-id=\"9eb4320\" data-element_type=\"widget\" data-settings=\"{&quot;_animation&quot;:&quot;fadeInUp&quot;}\" data-widget_type=\"call-to-action.default\">\n\t\t\t\t<div class=\"elementor-widget-container\">\n\t\t\t\t\t<div class=\"elementor-cta\">\n\t\t\t\t\t<div class=\"elementor-cta__bg-wrapper\">\n\t\t\t\t<div class=\"elementor-cta__bg elementor-bg\" style=\"background-image: url(https:\/\/www.grupo-box.com\/wp-content\/uploads\/2023\/02\/IMG_2089-500x500-1.jpg);\"><\/div>\n\t\t\t\t<div class=\"elementor-cta__bg-overlay\"><\/div>\n\t\t\t<\/div>\n\t\t\t\t\t\t\t<div class=\"elementor-cta__content\">\n\t\t\t\t\n\t\t\t\t<h2 class=\"elementor-cta__title elementor-cta__content-item elementor-content-item\">Bubble Wrap<\/h2>\n\t\t\t\t\t\t\t\t\t<div class=\"elementor-cta__description elementor-cta__content-item elementor-content-item\">\n\t\t\t\t\t\t(0,50m x 5,00m)\t\t\t\t\t<\/div>\n\t\t\t\t\n\t\t\t\t\t\t\t<\/div>\n\t\t\t\t\t\t\t<div class=\"elementor-ribbon\">\n\t\t\t\t<div class=\"elementor-ribbon-inner\">1,75\u20ac<\/div>\n\t\t\t<\/div>\n\t\t\t\t<\/div>\n\t\t\t\t<\/div>\n\t\t\t\t<\/div>\n\t\t\t\t<div class=\"elementor-element elementor-element-d0e459a elementor-cta--skin-classic elementor-animated-content elementor-bg-transform elementor-bg-transform-zoom-in elementor-invisible elementor-widget elementor-widget-call-to-action\" data-id=\"d0e459a\" data-element_type=\"widget\" data-settings=\"{&quot;_animation&quot;:&quot;fadeInUp&quot;}\" data-widget_type=\"call-to-action.default\">\n\t\t\t\t<div class=\"elementor-widget-container\">\n\t\t\t\t\t<div class=\"elementor-cta\">\n\t\t\t\t\t<div class=\"elementor-cta__bg-wrapper\">\n\t\t\t\t<div class=\"elementor-cta__bg elementor-bg\" style=\"background-image: url(https:\/\/www.grupo-box.com\/wp-content\/uploads\/2023\/02\/IMG_2086-500x500-1.jpg);\"><\/div>\n\t\t\t\t<div class=\"elementor-cta__bg-overlay\"><\/div>\n\t\t\t<\/div>\n\t\t\t\t\t\t\t<div class=\"elementor-cta__content\">\n\t\t\t\t\n\t\t\t\t<h2 class=\"elementor-cta__title elementor-cta__content-item elementor-content-item\">Transparent Film<\/h2>\n\t\t\t\t\n\t\t\t\t\t\t\t<\/div>\n\t\t\t\t\t\t\t<div class=\"elementor-ribbon elementor-ribbon-right\">\n\t\t\t\t<div class=\"elementor-ribbon-inner\">8,50\u20ac<\/div>\n\t\t\t<\/div>\n\t\t\t\t<\/div>\n\t\t\t\t<\/div>\n\t\t\t\t<\/div>\n\t\t\t\t<div class=\"elementor-element elementor-element-49973b2 elementor-cta--skin-classic elementor-animated-content elementor-bg-transform elementor-bg-transform-zoom-in elementor-invisible elementor-widget elementor-widget-call-to-action\" data-id=\"49973b2\" data-element_type=\"widget\" data-settings=\"{&quot;_animation&quot;:&quot;fadeInUp&quot;}\" data-widget_type=\"call-to-action.default\">\n\t\t\t\t<div class=\"elementor-widget-container\">\n\t\t\t\t\t<div class=\"elementor-cta\">\n\t\t\t\t\t<div class=\"elementor-cta__bg-wrapper\">\n\t\t\t\t<div class=\"elementor-cta__bg elementor-bg\" style=\"background-image: url(https:\/\/www.grupo-box.com\/wp-content\/uploads\/2023\/02\/IMG_2098-500x500-1.jpg);\"><\/div>\n\t\t\t\t<div class=\"elementor-cta__bg-overlay\"><\/div>\n\t\t\t<\/div>\n\t\t\t\t\t\t\t<div class=\"elementor-cta__content\">\n\t\t\t\t\n\t\t\t\t<h2 class=\"elementor-cta__title elementor-cta__content-item elementor-content-item\">Cardboard Box<\/h2>\n\t\t\t\t\t\t\t\t\t<div class=\"elementor-cta__description elementor-cta__content-item elementor-content-item\">\n\t\t\t\t\t\t(30x30x30)\t\t\t\t\t<\/div>\n\t\t\t\t\n\t\t\t\t\t\t\t<\/div>\n\t\t\t\t\t\t\t<div class=\"elementor-ribbon elementor-ribbon-right\">\n\t\t\t\t<div class=\"elementor-ribbon-inner\">0,65\u20ac<\/div>\n\t\t\t<\/div>\n\t\t\t\t<\/div>\n\t\t\t\t<\/div>\n\t\t\t\t<\/div>\n\t\t\t\t<div class=\"elementor-element elementor-element-c9b224c elementor-cta--skin-classic elementor-animated-content elementor-bg-transform elementor-bg-transform-zoom-in elementor-invisible elementor-widget elementor-widget-call-to-action\" data-id=\"c9b224c\" data-element_type=\"widget\" data-settings=\"{&quot;_animation&quot;:&quot;fadeInUp&quot;}\" data-widget_type=\"call-to-action.default\">\n\t\t\t\t<div class=\"elementor-widget-container\">\n\t\t\t\t\t<div class=\"elementor-cta\">\n\t\t\t\t\t<div class=\"elementor-cta__bg-wrapper\">\n\t\t\t\t<div class=\"elementor-cta__bg elementor-bg\" style=\"background-image: url(https:\/\/www.grupo-box.com\/wp-content\/uploads\/2023\/02\/IMG_2090-500x500-1.jpg);\"><\/div>\n\t\t\t\t<div class=\"elementor-cta__bg-overlay\"><\/div>\n\t\t\t<\/div>\n\t\t\t\t\t\t\t<div class=\"elementor-cta__content\">\n\t\t\t\t\n\t\t\t\t<h2 class=\"elementor-cta__title elementor-cta__content-item elementor-content-item\">Corrugated card<\/h2>\n\t\t\t\t\t\t\t\t\t<div class=\"elementor-cta__description elementor-cta__content-item elementor-content-item\">\n\t\t\t\t\t\t(0,50m x 5,00m)\t\t\t\t\t<\/div>\n\t\t\t\t\n\t\t\t\t\t\t\t<\/div>\n\t\t\t\t\t\t\t<div class=\"elementor-ribbon elementor-ribbon-right\">\n\t\t\t\t<div class=\"elementor-ribbon-inner\">1,98\u20ac<\/div>\n\t\t\t<\/div>\n\t\t\t\t<\/div>\n\t\t\t\t<\/div>\n\t\t\t\t<\/div>\n\t\t\t\t\t<\/div>\n\t\t<\/div>\n\t\t\t\t<div class=\"elementor-column elementor-col-50 elementor-inner-column elementor-element elementor-element-9ee6f72\" data-id=\"9ee6f72\" data-element_type=\"column\">\n\t\t\t<div class=\"elementor-widget-wrap elementor-element-populated\">\n\t\t\t\t\t\t\t\t<div class=\"elementor-element elementor-element-7007d3a elementor-cta--skin-classic elementor-animated-content elementor-bg-transform elementor-bg-transform-zoom-in elementor-invisible elementor-widget elementor-widget-call-to-action\" data-id=\"7007d3a\" data-element_type=\"widget\" data-settings=\"{&quot;_animation&quot;:&quot;fadeInUp&quot;}\" data-widget_type=\"call-to-action.default\">\n\t\t\t\t<div class=\"elementor-widget-container\">\n\t\t\t\t\t<div class=\"elementor-cta\">\n\t\t\t\t\t<div class=\"elementor-cta__bg-wrapper\">\n\t\t\t\t<div class=\"elementor-cta__bg elementor-bg\" style=\"background-image: url(https:\/\/www.grupo-box.com\/wp-content\/uploads\/2023\/02\/IMG_2101-500x500-1.jpg);\"><\/div>\n\t\t\t\t<div class=\"elementor-cta__bg-overlay\"><\/div>\n\t\t\t<\/div>\n\t\t\t\t\t\t\t<div class=\"elementor-cta__content\">\n\t\t\t\t\n\t\t\t\t<h2 class=\"elementor-cta__title elementor-cta__content-item elementor-content-item\">Bubble Wrap<\/h2>\n\t\t\t\t\t\t\t\t\t<div class=\"elementor-cta__description elementor-cta__content-item elementor-content-item\">\n\t\t\t\t\t\t(0,50m x 10,00m)\t\t\t\t\t<\/div>\n\t\t\t\t\n\t\t\t\t\t\t\t<\/div>\n\t\t\t\t\t\t\t<div class=\"elementor-ribbon\">\n\t\t\t\t<div class=\"elementor-ribbon-inner\">3,50\u20ac<\/div>\n\t\t\t<\/div>\n\t\t\t\t<\/div>\n\t\t\t\t<\/div>\n\t\t\t\t<\/div>\n\t\t\t\t<div class=\"elementor-element elementor-element-80bffeb elementor-cta--skin-classic elementor-animated-content elementor-bg-transform elementor-bg-transform-zoom-in elementor-invisible elementor-widget elementor-widget-call-to-action\" data-id=\"80bffeb\" data-element_type=\"widget\" data-settings=\"{&quot;_animation&quot;:&quot;fadeInUp&quot;}\" data-widget_type=\"call-to-action.default\">\n\t\t\t\t<div class=\"elementor-widget-container\">\n\t\t\t\t\t<div class=\"elementor-cta\">\n\t\t\t\t\t<div class=\"elementor-cta__bg-wrapper\">\n\t\t\t\t<div class=\"elementor-cta__bg elementor-bg\" style=\"background-image: url(https:\/\/www.grupo-box.com\/wp-content\/uploads\/2023\/02\/IMG_2100-500x500-1.jpg);\"><\/div>\n\t\t\t\t<div class=\"elementor-cta__bg-overlay\"><\/div>\n\t\t\t<\/div>\n\t\t\t\t\t\t\t<div class=\"elementor-cta__content\">\n\t\t\t\t\n\t\t\t\t<h2 class=\"elementor-cta__title elementor-cta__content-item elementor-content-item\">Black Stretch Film<\/h2>\n\t\t\t\t\n\t\t\t\t\t\t\t<\/div>\n\t\t\t\t\t\t\t<div class=\"elementor-ribbon\">\n\t\t\t\t<div class=\"elementor-ribbon-inner\">9,50\u20ac<\/div>\n\t\t\t<\/div>\n\t\t\t\t<\/div>\n\t\t\t\t<\/div>\n\t\t\t\t<\/div>\n\t\t\t\t<div class=\"elementor-element elementor-element-2a40924 elementor-cta--skin-classic elementor-animated-content elementor-bg-transform elementor-bg-transform-zoom-in elementor-invisible elementor-widget elementor-widget-call-to-action\" data-id=\"2a40924\" data-element_type=\"widget\" data-settings=\"{&quot;_animation&quot;:&quot;fadeInUp&quot;}\" data-widget_type=\"call-to-action.default\">\n\t\t\t\t<div class=\"elementor-widget-container\">\n\t\t\t\t\t<div class=\"elementor-cta\">\n\t\t\t\t\t<div class=\"elementor-cta__bg-wrapper\">\n\t\t\t\t<div class=\"elementor-cta__bg elementor-bg\" style=\"background-image: url(https:\/\/www.grupo-box.com\/wp-content\/uploads\/2023\/02\/IMG_2099-500x500-1.jpg);\"><\/div>\n\t\t\t\t<div class=\"elementor-cta__bg-overlay\"><\/div>\n\t\t\t<\/div>\n\t\t\t\t\t\t\t<div class=\"elementor-cta__content\">\n\t\t\t\t\n\t\t\t\t<h2 class=\"elementor-cta__title elementor-cta__content-item elementor-content-item\">Cardboard Box<\/h2>\n\t\t\t\t\t\t\t\t\t<div class=\"elementor-cta__description elementor-cta__content-item elementor-content-item\">\n\t\t\t\t\t\t(42x42x25)\t\t\t\t\t<\/div>\n\t\t\t\t\n\t\t\t\t\t\t\t<\/div>\n\t\t\t\t\t\t\t<div class=\"elementor-ribbon\">\n\t\t\t\t<div class=\"elementor-ribbon-inner\">0,85\u20ac<\/div>\n\t\t\t<\/div>\n\t\t\t\t<\/div>\n\t\t\t\t<\/div>\n\t\t\t\t<\/div>\n\t\t\t\t\t<\/div>\n\t\t<\/div>\n\t\t\t\t\t\t\t<\/div>\n\t\t<\/section>\n\t\t\t\t\t<\/div>\n\t\t<\/div>\n\t\t\t\t<div class=\"elementor-column elementor-col-33 elementor-top-column elementor-element elementor-element-3288ea4\" data-id=\"3288ea4\" data-element_type=\"column\">\n\t\t\t<div class=\"elementor-widget-wrap elementor-element-populated\">\n\t\t\t\t\t\t\t\t<div class=\"elementor-element elementor-element-8567e7f elementor-cta--skin-cover elementor-cta--valign-top animated-fast elementor-animated-content elementor-bg-transform elementor-bg-transform-zoom-in elementor-invisible elementor-widget elementor-widget-call-to-action\" data-id=\"8567e7f\" data-element_type=\"widget\" data-settings=\"{&quot;_animation&quot;:&quot;opal-move-up&quot;}\" data-widget_type=\"call-to-action.default\">\n\t\t\t\t<div class=\"elementor-widget-container\">\n\t\t\t\t\t<div class=\"elementor-cta\">\n\t\t\t\t\t<div class=\"elementor-cta__bg-wrapper\">\n\t\t\t\t<div class=\"elementor-cta__bg elementor-bg\" style=\"background-image: url(https:\/\/www.grupo-box.com\/wp-content\/uploads\/2023\/02\/IMG_2070.jpg);\"><\/div>\n\t\t\t\t<div class=\"elementor-cta__bg-overlay\"><\/div>\n\t\t\t<\/div>\n\t\t\t\t\t\t\t<div class=\"elementor-cta__content\">\n\t\t\t\t\n\t\t\t\t<h3 class=\"elementor-cta__title elementor-cta__content-item elementor-content-item elementor-animated-item--grow translation-block\">Get to<br> know our<br>services<\/h3>\n\t\t\t\t\n\t\t\t\t\t\t\t\t\t<div class=\"elementor-cta__button-wrapper elementor-cta__content-item elementor-content-item elementor-animated-item--grow\">\n\t\t\t\t\t<a class=\"elementor-cta__button elementor-button elementor-size-sm\" href=\"https:\/\/www.grupo-box.com\/en\/expressmove\/\">\n\t\t\t\t\t\tKNOW MORE\t\t\t\t\t<\/a>\n\t\t\t\t\t<\/div>\n\t\t\t\t\t\t\t<\/div>\n\t\t\t\t\t\t<\/div>\n\t\t\t\t<\/div>\n\t\t\t\t<\/div>\n\t\t\t\t<div class=\"elementor-element elementor-element-78774b7 elementor-cta--valign-top elementor-cta--skin-cover elementor-animated-content elementor-bg-transform elementor-bg-transform-zoom-in elementor-invisible elementor-widget elementor-widget-call-to-action\" data-id=\"78774b7\" data-element_type=\"widget\" data-settings=\"{&quot;_animation&quot;:&quot;fadeInUp&quot;}\" data-widget_type=\"call-to-action.default\">\n\t\t\t\t<div class=\"elementor-widget-container\">\n\t\t\t\t\t<div class=\"elementor-cta\">\n\t\t\t\t\t<div class=\"elementor-cta__bg-wrapper\">\n\t\t\t\t<div class=\"elementor-cta__bg elementor-bg\" style=\"background-image: url();\"><\/div>\n\t\t\t\t<div class=\"elementor-cta__bg-overlay\"><\/div>\n\t\t\t<\/div>\n\t\t\t\t\t\t\t<div class=\"elementor-cta__content\">\n\t\t\t\t\n\t\t\t\t<h2 class=\"elementor-cta__title elementor-cta__content-item elementor-content-item elementor-animated-item--grow\">ASK US FOR A QUOTE AND COMPARE<\/h2>\n\t\t\t\t\t\t\t\t\t<div class=\"elementor-cta__description elementor-cta__content-item elementor-content-item elementor-animated-item--grow\">\n\t\t\t\t\t\tWe have the best prices on the market, and with an excellent service!\t\t\t\t\t<\/div>\n\t\t\t\t\n\t\t\t\t\t\t\t\t\t<div class=\"elementor-cta__button-wrapper elementor-cta__content-item elementor-content-item elementor-animated-item--grow\">\n\t\t\t\t\t<a class=\"elementor-cta__button elementor-button elementor-size-sm\" href=\"https:\/\/www.grupo-box.com\/en\/expressmove-book\/\">\n\t\t\t\t\t\tGET QUOTE\t\t\t\t\t<\/a>\n\t\t\t\t\t<\/div>\n\t\t\t\t\t\t\t<\/div>\n\t\t\t\t\t\t<\/div>\n\t\t\t\t<\/div>\n\t\t\t\t<\/div>\n\t\t\t\t<div class=\"elementor-element elementor-element-cca9b96 elementor-widget elementor-widget-text-editor\" data-id=\"cca9b96\" data-element_type=\"widget\" data-widget_type=\"text-editor.default\">\n\t\t\t\t<div class=\"elementor-widget-container\">\n\t\t\t\t\t\t\t<p>Prices with VAT at the current rate included.<\/p>\t\t\t\t\t\t<\/div>\n\t\t\t\t<\/div>\n\t\t\t\t\t<\/div>\n\t\t<\/div>\n\t\t\t\t\t\t\t<\/div>\n\t\t<\/section>\n\t\t\t\t\t\t\t<\/div>","protected":false},"excerpt":{"rendered":"<p>Para adquirir algum dos nossos produtos, por favor visite o nosso armaz\u00e9m. Pl\u00e1stico de Bolha (0,50m x 5,00m) 1,75\u20ac Filme Transparente 8,50\u20ac Caixa de Cart\u00e3o (30x30x30) 0,65\u20ac Cart\u00e3o Canelado (0,50m x 5,00m) 1,98\u20ac Pl\u00e1stico de Bolha (0,50m x 10,00m) 3,50\u20ac Filme Preto 9,50\u20ac Caixa de Cart\u00e3o (42x42x25) 0,85\u20ac Conhe\u00e7a os nossos servi\u00e7os SABER MAIS PE\u00c7A-NOS<\/p>\n<div class=\"carutos-read-more-link\"><a class=\"more-link button-link\" href=\"https:\/\/www.grupo-box.com\/en\/expressmove-products\/\">Read More  &nbsp; <i class=\"fa fa-long-arrow-right\" aria-hidden=\"true\"><\/i><\/a><\/div>","protected":false},"author":1,"featured_media":1951,"parent":0,"menu_order":9,"comment_status":"closed","ping_status":"closed","template":"","meta":{"footnotes":""},"class_list":["post-1364","page","type-page","status-publish","has-post-thumbnail","hentry"],"yoast_head":"<!-- This site is optimized with the Yoast SEO plugin v20.0 - https:\/\/yoast.com\/wordpress\/plugins\/seo\/ -->\n<title>PRODUTOS - GRUPO BOX | Ponta Delgada - S\u00e3o Miguel<\/title>\n<meta name=\"robots\" content=\"index, follow, max-snippet:-1, max-image-preview:large, max-video-preview:-1\" \/>\n<link rel=\"canonical\" href=\"https:\/\/www.grupo-box.com\/en\/expressmove-products\/\" \/>\n<meta property=\"og:locale\" content=\"en_GB\" \/>\n<meta property=\"og:type\" content=\"article\" \/>\n<meta property=\"og:title\" content=\"PRODUTOS - GRUPO BOX | Ponta Delgada - S\u00e3o Miguel\" \/>\n<meta property=\"og:description\" content=\"Para adquirir algum dos nossos produtos, por favor visite o nosso armaz\u00e9m. Pl\u00e1stico de Bolha (0,50m x 5,00m) 1,75\u20ac Filme Transparente 8,50\u20ac Caixa de Cart\u00e3o (30x30x30) 0,65\u20ac Cart\u00e3o Canelado (0,50m x 5,00m) 1,98\u20ac Pl\u00e1stico de Bolha (0,50m x 10,00m) 3,50\u20ac Filme Preto 9,50\u20ac Caixa de Cart\u00e3o (42x42x25) 0,85\u20ac Conhe\u00e7a os nossos servi\u00e7os SABER MAIS PE\u00c7A-NOSRead More &nbsp;\" \/>\n<meta property=\"og:url\" content=\"https:\/\/www.grupo-box.com\/en\/expressmove-products\/\" \/>\n<meta property=\"og:site_name\" content=\"GRUPO BOX | Ponta Delgada - S\u00e3o Miguel\" \/>\n<meta property=\"article:modified_time\" content=\"2025-11-07T17:06:59+00:00\" \/>\n<meta property=\"og:image\" content=\"https:\/\/www.grupo-box.com\/wp-content\/uploads\/2025\/11\/Captura-de-ecra-2025-11-06-as-09.58.55.png\" \/>\n\t<meta property=\"og:image:width\" content=\"1744\" \/>\n\t<meta property=\"og:image:height\" content=\"1788\" \/>\n\t<meta property=\"og:image:type\" content=\"image\/png\" \/>\n<meta name=\"twitter:card\" content=\"summary_large_image\" \/>\n<meta name=\"twitter:label1\" content=\"Estimated reading time\" \/>\n\t<meta name=\"twitter:data1\" content=\"1 minute\" \/>\n<script type=\"application\/ld+json\" class=\"yoast-schema-graph\">{\"@context\":\"https:\/\/schema.org\",\"@graph\":[{\"@type\":\"WebPage\",\"@id\":\"https:\/\/www.grupo-box.com\/expressmove-products\/\",\"url\":\"https:\/\/www.grupo-box.com\/expressmove-products\/\",\"name\":\"PRODUTOS - GRUPO BOX | Ponta Delgada - S\u00e3o Miguel\",\"isPartOf\":{\"@id\":\"https:\/\/www.grupo-box.com\/#website\"},\"datePublished\":\"2023-02-02T07:16:40+00:00\",\"dateModified\":\"2025-11-07T17:06:59+00:00\",\"breadcrumb\":{\"@id\":\"https:\/\/www.grupo-box.com\/expressmove-products\/#breadcrumb\"},\"inLanguage\":\"en-GB\",\"potentialAction\":[{\"@type\":\"ReadAction\",\"target\":[\"https:\/\/www.grupo-box.com\/expressmove-products\/\"]}]},{\"@type\":\"BreadcrumbList\",\"@id\":\"https:\/\/www.grupo-box.com\/expressmove-products\/#breadcrumb\",\"itemListElement\":[{\"@type\":\"ListItem\",\"position\":1,\"name\":\"Home\",\"item\":\"https:\/\/www.grupo-box.com\/\"},{\"@type\":\"ListItem\",\"position\":2,\"name\":\"PRODUTOS\"}]},{\"@type\":\"WebSite\",\"@id\":\"https:\/\/www.grupo-box.com\/#website\",\"url\":\"https:\/\/www.grupo-box.com\/\",\"name\":\"GRUPO BOX | Ponta Delgada - S\u00e3o Miguel\",\"description\":\"Servi\u00e7os de lavagem de viaturas, transportes e armazenamento de mercadorias, loja de artigos de segunda m\u00e3o e restaurante.\",\"publisher\":{\"@id\":\"https:\/\/www.grupo-box.com\/#organization\"},\"potentialAction\":[{\"@type\":\"SearchAction\",\"target\":{\"@type\":\"EntryPoint\",\"urlTemplate\":\"https:\/\/www.grupo-box.com\/?s={search_term_string}\"},\"query-input\":\"required name=search_term_string\"}],\"inLanguage\":\"en-GB\"},{\"@type\":\"Organization\",\"@id\":\"https:\/\/www.grupo-box.com\/#organization\",\"name\":\"GRUPO BOX | Ponta Delgada - S\u00e3o Miguel\",\"url\":\"https:\/\/www.grupo-box.com\/\",\"logo\":{\"@type\":\"ImageObject\",\"inLanguage\":\"en-GB\",\"@id\":\"https:\/\/www.grupo-box.com\/#\/schema\/logo\/image\/\",\"url\":\"https:\/\/www.grupo-box.com\/wp-content\/uploads\/2022\/04\/logo-GRUPOBOX-site-1.png\",\"contentUrl\":\"https:\/\/www.grupo-box.com\/wp-content\/uploads\/2022\/04\/logo-GRUPOBOX-site-1.png\",\"width\":200,\"height\":96,\"caption\":\"GRUPO BOX | Ponta Delgada - S\u00e3o Miguel\"},\"image\":{\"@id\":\"https:\/\/www.grupo-box.com\/#\/schema\/logo\/image\/\"}}]}<\/script>\n<!-- \/ Yoast SEO plugin. -->","yoast_head_json":{"title":"PRODUTOS - GRUPO BOX | Ponta Delgada - S\u00e3o Miguel","robots":{"index":"index","follow":"follow","max-snippet":"max-snippet:-1","max-image-preview":"max-image-preview:large","max-video-preview":"max-video-preview:-1"},"canonical":"https:\/\/www.grupo-box.com\/en\/expressmove-products\/","og_locale":"en_GB","og_type":"article","og_title":"PRODUTOS - GRUPO BOX | Ponta Delgada - S\u00e3o Miguel","og_description":"Para adquirir algum dos nossos produtos, por favor visite o nosso armaz\u00e9m. Pl\u00e1stico de Bolha (0,50m x 5,00m) 1,75\u20ac Filme Transparente 8,50\u20ac Caixa de Cart\u00e3o (30x30x30) 0,65\u20ac Cart\u00e3o Canelado (0,50m x 5,00m) 1,98\u20ac Pl\u00e1stico de Bolha (0,50m x 10,00m) 3,50\u20ac Filme Preto 9,50\u20ac Caixa de Cart\u00e3o (42x42x25) 0,85\u20ac Conhe\u00e7a os nossos servi\u00e7os SABER MAIS PE\u00c7A-NOSRead More &nbsp;","og_url":"https:\/\/www.grupo-box.com\/en\/expressmove-products\/","og_site_name":"GRUPO BOX | Ponta Delgada - S\u00e3o Miguel","article_modified_time":"2025-11-07T17:06:59+00:00","og_image":[{"width":1744,"height":1788,"url":"https:\/\/www.grupo-box.com\/wp-content\/uploads\/2025\/11\/Captura-de-ecra-2025-11-06-as-09.58.55.png","type":"image\/png"}],"twitter_card":"summary_large_image","twitter_misc":{"Estimated reading time":"1 minute"},"schema":{"@context":"https:\/\/schema.org","@graph":[{"@type":"WebPage","@id":"https:\/\/www.grupo-box.com\/expressmove-products\/","url":"https:\/\/www.grupo-box.com\/expressmove-products\/","name":"PRODUTOS - GRUPO BOX | Ponta Delgada - S\u00e3o Miguel","isPartOf":{"@id":"https:\/\/www.grupo-box.com\/#website"},"datePublished":"2023-02-02T07:16:40+00:00","dateModified":"2025-11-07T17:06:59+00:00","breadcrumb":{"@id":"https:\/\/www.grupo-box.com\/expressmove-products\/#breadcrumb"},"inLanguage":"en-GB","potentialAction":[{"@type":"ReadAction","target":["https:\/\/www.grupo-box.com\/expressmove-products\/"]}]},{"@type":"BreadcrumbList","@id":"https:\/\/www.grupo-box.com\/expressmove-products\/#breadcrumb","itemListElement":[{"@type":"ListItem","position":1,"name":"Home","item":"https:\/\/www.grupo-box.com\/"},{"@type":"ListItem","position":2,"name":"PRODUTOS"}]},{"@type":"WebSite","@id":"https:\/\/www.grupo-box.com\/#website","url":"https:\/\/www.grupo-box.com\/","name":"GRUPO BOX | Ponta Delgada - S\u00e3o Miguel","description":"Servi\u00e7os de lavagem de viaturas, transportes e armazenamento de mercadorias, loja de artigos de segunda m\u00e3o e restaurante.","publisher":{"@id":"https:\/\/www.grupo-box.com\/#organization"},"potentialAction":[{"@type":"SearchAction","target":{"@type":"EntryPoint","urlTemplate":"https:\/\/www.grupo-box.com\/?s={search_term_string}"},"query-input":"required name=search_term_string"}],"inLanguage":"en-GB"},{"@type":"Organization","@id":"https:\/\/www.grupo-box.com\/#organization","name":"GRUPO BOX | Ponta Delgada - S\u00e3o Miguel","url":"https:\/\/www.grupo-box.com\/","logo":{"@type":"ImageObject","inLanguage":"en-GB","@id":"https:\/\/www.grupo-box.com\/#\/schema\/logo\/image\/","url":"https:\/\/www.grupo-box.com\/wp-content\/uploads\/2022\/04\/logo-GRUPOBOX-site-1.png","contentUrl":"https:\/\/www.grupo-box.com\/wp-content\/uploads\/2022\/04\/logo-GRUPOBOX-site-1.png","width":200,"height":96,"caption":"GRUPO BOX | Ponta Delgada - S\u00e3o Miguel"},"image":{"@id":"https:\/\/www.grupo-box.com\/#\/schema\/logo\/image\/"}}]}},"_links":{"self":[{"href":"https:\/\/www.grupo-box.com\/en\/wp-json\/wp\/v2\/pages\/1364","targetHints":{"allow":["GET"]}}],"collection":[{"href":"https:\/\/www.grupo-box.com\/en\/wp-json\/wp\/v2\/pages"}],"about":[{"href":"https:\/\/www.grupo-box.com\/en\/wp-json\/wp\/v2\/types\/page"}],"author":[{"embeddable":true,"href":"https:\/\/www.grupo-box.com\/en\/wp-json\/wp\/v2\/users\/1"}],"replies":[{"embeddable":true,"href":"https:\/\/www.grupo-box.com\/en\/wp-json\/wp\/v2\/comments?post=1364"}],"version-history":[{"count":11,"href":"https:\/\/www.grupo-box.com\/en\/wp-json\/wp\/v2\/pages\/1364\/revisions"}],"predecessor-version":[{"id":1893,"href":"https:\/\/www.grupo-box.com\/en\/wp-json\/wp\/v2\/pages\/1364\/revisions\/1893"}],"wp:featuredmedia":[{"embeddable":true,"href":"https:\/\/www.grupo-box.com\/en\/wp-json\/wp\/v2\/media\/1951"}],"wp:attachment":[{"href":"https:\/\/www.grupo-box.com\/en\/wp-json\/wp\/v2\/media?parent=1364"}],"curies":[{"name":"wp","href":"https:\/\/api.w.org\/{rel}","templated":true}]}}