{"id":150,"date":"2019-10-23T08:44:17","date_gmt":"2019-10-23T08:44:17","guid":{"rendered":"https:\/\/www.grupo-box.com\/?page_id=150"},"modified":"2023-01-26T20:41:48","modified_gmt":"2023-01-26T20:41:48","slug":"contact","status":"publish","type":"page","link":"https:\/\/www.grupo-box.com\/en\/contact\/","title":{"rendered":"CONTACTS"},"content":{"rendered":"<div data-elementor-type=\"wp-page\" data-elementor-id=\"150\" class=\"elementor elementor-150\">\n\t\t\t\t\t\t\t\t\t<section class=\"elementor-section elementor-top-section elementor-element elementor-element-3148606 elementor-section-full_width elementor-section-stretched elementor-section-height-default elementor-section-height-default\" data-id=\"3148606\" data-element_type=\"section\" data-settings=\"{&quot;stretch_section&quot;:&quot;section-stretched&quot;}\">\n\t\t\t\t\t\t<div class=\"elementor-container elementor-column-gap-no\">\n\t\t\t\t\t<div class=\"elementor-column elementor-col-100 elementor-top-column elementor-element elementor-element-3ba3e1b\" data-id=\"3ba3e1b\" data-element_type=\"column\">\n\t\t\t<div class=\"elementor-widget-wrap elementor-element-populated\">\n\t\t\t\t\t\t\t\t<div class=\"elementor-element elementor-element-e0b80b8 elementor-widget elementor-widget-shortcode\" data-id=\"e0b80b8\" data-element_type=\"widget\" data-widget_type=\"shortcode.default\">\n\t\t\t\t<div class=\"elementor-widget-container\">\n\t\t\t\t\t<div class=\"elementor-shortcode\">\n<div class=\"open-user-map\">\n\n  \n  <div class=\"box-wrap\">\n    <div class=\"map-wrap map-size-fullwidth map-size-mobile-portrait\">\n      <div id=\"map-20210929\" class=\"leaflet-map map-style_CartoDB.Positron\"><\/div>\n      \n      \n      <script>\n        \n        var map_el = `map-20210929`;\n\n        if(document.getElementById(map_el)) {\n\n          var mapStyle = `CartoDB.Positron`;\n          var oum_searchaddress_label = `Enter address`;\n          var marker_icon_url = `https:\/\/www.grupo-box.com\/wp-content\/plugins\/open-user-map\/src\/leaflet\/images\/marker-icon_default-2x.png`;\n          var marker_shadow_url = `https:\/\/www.grupo-box.com\/wp-content\/plugins\/open-user-map\/src\/leaflet\/images\/marker-shadow.png`;\n          var oum_enable_cluster = true;\n          var oum_enable_fullscreen = true;\n          var oum_enable_searchaddress = false;\n          var oum_enable_currentlocation = false;\n          var oum_collapse_filter = false;\n          var oum_action_after_submit = `text`;\n          var thankyou_redirect = ``;\n          var start_lat = `37.749049941965`;\n          var start_lng = `-25.656164263424`;\n          var start_zoom = `17`;\n          var oum_enable_fixed_map_bounds = ``;\n          var oum_minimum_zoom_level = `14`;\n          var oum_location = {};\n          var locations_without_type = [];\n          var locations_by_type = [];\n          var custom_css = '';\n          var oumMap;\n\n          \/**\n           * Experimental: Conditional Fields\n           * \n           * Show or Hide a Custom Field based on the selected value of a field\n           * \n           * Example: oumConditionalField('[name=\"oum_marker_icon\"]', '[name=\"oum_location_custom_fields[1645650268221]\"]', ['30', '31'], ['']);\n           **\/\n          var oumConditionalField = (sourceField, targetField, condShow, condHide) => {\n            const sourceElement = document.querySelector(sourceField);\n            const targetElement = document.querySelector(targetField).parentElement; \/* works with custom fields only *\/\n\n            \/* trigger on change *\/\n            sourceElement.onchange = function(e) {\n              const val = this.value;\n              \n              console.log('OUM: run condition', {val, sourceField, targetField, condShow, condHide});\n              \n              if(condShow.includes(val)) {\n                targetElement.style.display = 'block';\n              }else if(condHide.includes(this.value)) {\n                targetElement.style.display = 'none';\n              }\n            }\n\n            \/* trigger initially *\/\n            let changeEvent = new Event('change');\n            sourceElement.dispatchEvent(changeEvent);\n          };\n          \n          \n          \n            \/* custom color *\/\n            custom_css += `\n              .open-user-map .add-location #close-add-location-overlay:hover {color: #2271b1 !important}\n              .open-user-map input.oum-switch[type=\"checkbox\"]:checked + label::before {background-color: #2271b1 !important}\n              .open-user-map .add-location .location-overlay-content #oum_add_location_thankyou h3 {color: #2271b1 !important}`;\n\n          \n          \n            \/* custom map height *\/\n            custom_css += `\n              .open-user-map .box-wrap .map-wrap {padding: 0 !important; height: 650px !important}`;\n\n          \n          \n            \/* custom map height *\/\n            custom_css += `\n              @media screen and (max-width: 768px) {.open-user-map .box-wrap .map-wrap {padding: 0 !important; height: 650px !important}}`;\n\n          \n          var custom_style = document.createElement('style');\n\n          if (custom_style.styleSheet) {\n            custom_style.styleSheet.cssText = custom_css;\n          } else {\n            custom_style.appendChild(document.createTextNode(custom_css));\n          }\n\n          document.getElementsByTagName('head')[0].appendChild(custom_style);\n\n\n                      \n            oum_location = {\n              lat: `37.750483751735`,\n              lng: `-25.656743811876`,\n              content: `<div class=\"oum_location_image\" style=\"min-height: 176.7578125px;\"><img decoding=\"async\" src=\"https:\/\/www.grupo-box.com\/wp-content\/uploads\/2025\/11\/Captura-de-ecra-2025-11-07-as-15.14.58-1024x724.png\"><\/div><div class=\"oum_location_text\"><div class=\"oum_location_address\"><a title=\"go to Google Maps\" href=\"https:\/\/www.google.com\/maps\/search\/?api=1&amp;query=37.750483751735%2C-25.656743811876\" target=\"_blank\">Rua das Laranjeiras, Armaz\u00e9m 39 9500-317 Ponta Delgada<\/a><\/div><h3 class=\"oum_location_name\">EXPRESS MOVE<\/h3><div class=\"oum_location_custom_fields\"><\/div><div class=\"oum_location_description\"><\/div><\/div>`,\n              icon: `https:\/\/www.grupo-box.com\/wp-content\/plugins\/open-user-map\/src\/leaflet\/images\/marker-icon_default-2x.png`,\n              type: ``,\n              post_id: `594`,\n            };\n\n            \n              locations_without_type.push(oum_location);\n\n            \n                      \n            oum_location = {\n              lat: `37.750708771678`,\n              lng: `-25.65677090849`,\n              content: `<div class=\"oum_location_image\" style=\"min-height: 250px;\"><img decoding=\"async\" src=\"https:\/\/www.grupo-box.com\/wp-content\/uploads\/2019\/10\/second-hand-500-300x300.jpg\"><\/div><div class=\"oum_location_text\"><div class=\"oum_location_address\"><a title=\"go to Google Maps\" href=\"https:\/\/www.google.com\/maps\/search\/?api=1&amp;query=37.750708771678%2C-25.65677090849\" target=\"_blank\">Rua das Laranjeiras, Armaz\u00e9m 41 9500-317 Ponta Delgada<\/a><\/div><h3 class=\"oum_location_name\">SECONDHAND<\/h3><div class=\"oum_location_custom_fields\"><\/div><div class=\"oum_location_description\"><\/div><\/div>`,\n              icon: `https:\/\/www.grupo-box.com\/wp-content\/plugins\/open-user-map\/src\/leaflet\/images\/marker-icon_default-2x.png`,\n              type: ``,\n              post_id: `593`,\n            };\n\n            \n              locations_without_type.push(oum_location);\n\n            \n                      \n            oum_location = {\n              lat: `37.747438472325`,\n              lng: `-25.6559125904`,\n              content: `<div class=\"oum_location_image\" style=\"min-height: 250px;\"><img decoding=\"async\" src=\"https:\/\/www.grupo-box.com\/wp-content\/uploads\/2019\/10\/LOGO-BELLA-FIRENZE-05-1024x1024.png\"><\/div><div class=\"oum_location_text\"><div class=\"oum_location_address\"><a title=\"go to Google Maps\" href=\"https:\/\/www.google.com\/maps\/search\/?api=1&amp;query=37.747438472325%2C-25.6559125904\" target=\"_blank\">Rua das Laranjeiras, Armaz\u00e9m 31-C 9500-317 Ponta Delgada<\/a><\/div><h3 class=\"oum_location_name\">BELLA FIRENZE<\/h3><div class=\"oum_location_custom_fields\"><\/div><div class=\"oum_location_description\"><\/div><\/div>`,\n              icon: `https:\/\/www.grupo-box.com\/wp-content\/plugins\/open-user-map\/src\/leaflet\/images\/marker-icon_default-2x.png`,\n              type: ``,\n              post_id: `591`,\n            };\n\n            \n              locations_without_type.push(oum_location);\n\n            \n                      \n            oum_location = {\n              lat: `37.74746784871`,\n              lng: `-25.656169872371`,\n              content: `<div class=\"oum_location_image\" style=\"min-height: 250px;\"><img decoding=\"async\" src=\"https:\/\/www.grupo-box.com\/wp-content\/uploads\/2019\/10\/boxccc-500-300x300.jpg\"><\/div><div class=\"oum_location_text\"><div class=\"oum_location_address\"><a title=\"go to Google Maps\" href=\"https:\/\/www.google.com\/maps\/search\/?api=1&amp;query=37.74746784871%2C-25.656169872371\" target=\"_blank\">Rua das Laranjeiras, Armaz\u00e9m 31-B 9500-317 Ponta Delgada<\/a><\/div><h3 class=\"oum_location_name\">BOX CAR CARE CENTER<\/h3><div class=\"oum_location_custom_fields\"><\/div><div class=\"oum_location_description\"><\/div><\/div>`,\n              icon: `https:\/\/www.grupo-box.com\/wp-content\/plugins\/open-user-map\/src\/leaflet\/images\/marker-icon_default-2x.png`,\n              type: ``,\n              post_id: `590`,\n            };\n\n            \n              locations_without_type.push(oum_location);\n\n            \n          \n        }\n\n      <\/script>\n    <\/div>\n\n  <\/div>\n<\/div><\/div>\n\t\t\t\t<\/div>\n\t\t\t\t<\/div>\n\t\t\t\t\t<\/div>\n\t\t<\/div>\n\t\t\t\t\t\t\t<\/div>\n\t\t<\/section>\n\t\t\t\t\t\t\t<\/div>","protected":false},"excerpt":{"rendered":"<div class=\"carutos-read-more-link\"><a class=\"more-link button-link\" href=\"https:\/\/www.grupo-box.com\/en\/contact\/\">Read More  &nbsp; <i class=\"fa fa-long-arrow-right\" aria-hidden=\"true\"><\/i><\/a><\/div>","protected":false},"author":1,"featured_media":599,"parent":0,"menu_order":15,"comment_status":"closed","ping_status":"closed","template":"","meta":{"footnotes":""},"class_list":["post-150","page","type-page","status-publish","has-post-thumbnail","hentry"],"yoast_head":"<!-- This site is optimized with the Yoast SEO plugin v20.0 - https:\/\/yoast.com\/wordpress\/plugins\/seo\/ -->\n<title>CONTACTOS - GRUPO BOX | Ponta Delgada - S\u00e3o Miguel<\/title>\n<meta name=\"robots\" content=\"index, follow, max-snippet:-1, max-image-preview:large, max-video-preview:-1\" \/>\n<link rel=\"canonical\" href=\"https:\/\/www.grupo-box.com\/en\/contact\/\" \/>\n<meta property=\"og:locale\" content=\"en_GB\" \/>\n<meta property=\"og:type\" content=\"article\" \/>\n<meta property=\"og:title\" content=\"CONTACTOS - GRUPO BOX | Ponta Delgada - S\u00e3o Miguel\" \/>\n<meta property=\"og:description\" content=\"Read More &nbsp;\" \/>\n<meta property=\"og:url\" content=\"https:\/\/www.grupo-box.com\/en\/contact\/\" \/>\n<meta property=\"og:site_name\" content=\"GRUPO BOX | Ponta Delgada - S\u00e3o Miguel\" \/>\n<meta property=\"article:modified_time\" content=\"2023-01-26T20:41:48+00:00\" \/>\n<meta property=\"og:image\" content=\"https:\/\/www.grupo-box.com\/wp-content\/uploads\/2023\/01\/A6508831.jpg\" \/>\n\t<meta property=\"og:image:width\" content=\"1920\" \/>\n\t<meta property=\"og:image:height\" content=\"1280\" \/>\n\t<meta property=\"og:image:type\" content=\"image\/jpeg\" \/>\n<meta name=\"twitter:card\" content=\"summary_large_image\" \/>\n<meta name=\"twitter:label1\" content=\"Estimated reading time\" \/>\n\t<meta name=\"twitter:data1\" content=\"1 minute\" \/>\n<script type=\"application\/ld+json\" class=\"yoast-schema-graph\">{\"@context\":\"https:\/\/schema.org\",\"@graph\":[{\"@type\":\"WebPage\",\"@id\":\"https:\/\/www.grupo-box.com\/contact\/\",\"url\":\"https:\/\/www.grupo-box.com\/contact\/\",\"name\":\"CONTACTOS - GRUPO BOX | Ponta Delgada - S\u00e3o Miguel\",\"isPartOf\":{\"@id\":\"https:\/\/www.grupo-box.com\/#website\"},\"datePublished\":\"2019-10-23T08:44:17+00:00\",\"dateModified\":\"2023-01-26T20:41:48+00:00\",\"breadcrumb\":{\"@id\":\"https:\/\/www.grupo-box.com\/contact\/#breadcrumb\"},\"inLanguage\":\"en-GB\",\"potentialAction\":[{\"@type\":\"ReadAction\",\"target\":[\"https:\/\/www.grupo-box.com\/contact\/\"]}]},{\"@type\":\"BreadcrumbList\",\"@id\":\"https:\/\/www.grupo-box.com\/contact\/#breadcrumb\",\"itemListElement\":[{\"@type\":\"ListItem\",\"position\":1,\"name\":\"Home\",\"item\":\"https:\/\/www.grupo-box.com\/\"},{\"@type\":\"ListItem\",\"position\":2,\"name\":\"CONTACTOS\"}]},{\"@type\":\"WebSite\",\"@id\":\"https:\/\/www.grupo-box.com\/#website\",\"url\":\"https:\/\/www.grupo-box.com\/\",\"name\":\"GRUPO BOX | Ponta Delgada - S\u00e3o Miguel\",\"description\":\"Servi\u00e7os de lavagem de viaturas, transportes e armazenamento de mercadorias, loja de artigos de segunda m\u00e3o e restaurante.\",\"publisher\":{\"@id\":\"https:\/\/www.grupo-box.com\/#organization\"},\"potentialAction\":[{\"@type\":\"SearchAction\",\"target\":{\"@type\":\"EntryPoint\",\"urlTemplate\":\"https:\/\/www.grupo-box.com\/?s={search_term_string}\"},\"query-input\":\"required name=search_term_string\"}],\"inLanguage\":\"en-GB\"},{\"@type\":\"Organization\",\"@id\":\"https:\/\/www.grupo-box.com\/#organization\",\"name\":\"GRUPO BOX | Ponta Delgada - S\u00e3o Miguel\",\"url\":\"https:\/\/www.grupo-box.com\/\",\"logo\":{\"@type\":\"ImageObject\",\"inLanguage\":\"en-GB\",\"@id\":\"https:\/\/www.grupo-box.com\/#\/schema\/logo\/image\/\",\"url\":\"https:\/\/www.grupo-box.com\/wp-content\/uploads\/2022\/04\/logo-GRUPOBOX-site-1.png\",\"contentUrl\":\"https:\/\/www.grupo-box.com\/wp-content\/uploads\/2022\/04\/logo-GRUPOBOX-site-1.png\",\"width\":200,\"height\":96,\"caption\":\"GRUPO BOX | Ponta Delgada - S\u00e3o Miguel\"},\"image\":{\"@id\":\"https:\/\/www.grupo-box.com\/#\/schema\/logo\/image\/\"}}]}<\/script>\n<!-- \/ Yoast SEO plugin. -->","yoast_head_json":{"title":"CONTACTOS - GRUPO BOX | Ponta Delgada - S\u00e3o Miguel","robots":{"index":"index","follow":"follow","max-snippet":"max-snippet:-1","max-image-preview":"max-image-preview:large","max-video-preview":"max-video-preview:-1"},"canonical":"https:\/\/www.grupo-box.com\/en\/contact\/","og_locale":"en_GB","og_type":"article","og_title":"CONTACTOS - GRUPO BOX | Ponta Delgada - S\u00e3o Miguel","og_description":"Read More &nbsp;","og_url":"https:\/\/www.grupo-box.com\/en\/contact\/","og_site_name":"GRUPO BOX | Ponta Delgada - S\u00e3o Miguel","article_modified_time":"2023-01-26T20:41:48+00:00","og_image":[{"width":1920,"height":1280,"url":"https:\/\/www.grupo-box.com\/wp-content\/uploads\/2023\/01\/A6508831.jpg","type":"image\/jpeg"}],"twitter_card":"summary_large_image","twitter_misc":{"Estimated reading time":"1 minute"},"schema":{"@context":"https:\/\/schema.org","@graph":[{"@type":"WebPage","@id":"https:\/\/www.grupo-box.com\/contact\/","url":"https:\/\/www.grupo-box.com\/contact\/","name":"CONTACTOS - GRUPO BOX | Ponta Delgada - S\u00e3o Miguel","isPartOf":{"@id":"https:\/\/www.grupo-box.com\/#website"},"datePublished":"2019-10-23T08:44:17+00:00","dateModified":"2023-01-26T20:41:48+00:00","breadcrumb":{"@id":"https:\/\/www.grupo-box.com\/contact\/#breadcrumb"},"inLanguage":"en-GB","potentialAction":[{"@type":"ReadAction","target":["https:\/\/www.grupo-box.com\/contact\/"]}]},{"@type":"BreadcrumbList","@id":"https:\/\/www.grupo-box.com\/contact\/#breadcrumb","itemListElement":[{"@type":"ListItem","position":1,"name":"Home","item":"https:\/\/www.grupo-box.com\/"},{"@type":"ListItem","position":2,"name":"CONTACTOS"}]},{"@type":"WebSite","@id":"https:\/\/www.grupo-box.com\/#website","url":"https:\/\/www.grupo-box.com\/","name":"GRUPO BOX | Ponta Delgada - S\u00e3o Miguel","description":"Servi\u00e7os de lavagem de viaturas, transportes e armazenamento de mercadorias, loja de artigos de segunda m\u00e3o e restaurante.","publisher":{"@id":"https:\/\/www.grupo-box.com\/#organization"},"potentialAction":[{"@type":"SearchAction","target":{"@type":"EntryPoint","urlTemplate":"https:\/\/www.grupo-box.com\/?s={search_term_string}"},"query-input":"required name=search_term_string"}],"inLanguage":"en-GB"},{"@type":"Organization","@id":"https:\/\/www.grupo-box.com\/#organization","name":"GRUPO BOX | Ponta Delgada - S\u00e3o Miguel","url":"https:\/\/www.grupo-box.com\/","logo":{"@type":"ImageObject","inLanguage":"en-GB","@id":"https:\/\/www.grupo-box.com\/#\/schema\/logo\/image\/","url":"https:\/\/www.grupo-box.com\/wp-content\/uploads\/2022\/04\/logo-GRUPOBOX-site-1.png","contentUrl":"https:\/\/www.grupo-box.com\/wp-content\/uploads\/2022\/04\/logo-GRUPOBOX-site-1.png","width":200,"height":96,"caption":"GRUPO BOX | Ponta Delgada - S\u00e3o Miguel"},"image":{"@id":"https:\/\/www.grupo-box.com\/#\/schema\/logo\/image\/"}}]}},"_links":{"self":[{"href":"https:\/\/www.grupo-box.com\/en\/wp-json\/wp\/v2\/pages\/150","targetHints":{"allow":["GET"]}}],"collection":[{"href":"https:\/\/www.grupo-box.com\/en\/wp-json\/wp\/v2\/pages"}],"about":[{"href":"https:\/\/www.grupo-box.com\/en\/wp-json\/wp\/v2\/types\/page"}],"author":[{"embeddable":true,"href":"https:\/\/www.grupo-box.com\/en\/wp-json\/wp\/v2\/users\/1"}],"replies":[{"embeddable":true,"href":"https:\/\/www.grupo-box.com\/en\/wp-json\/wp\/v2\/comments?post=150"}],"version-history":[{"count":16,"href":"https:\/\/www.grupo-box.com\/en\/wp-json\/wp\/v2\/pages\/150\/revisions"}],"predecessor-version":[{"id":610,"href":"https:\/\/www.grupo-box.com\/en\/wp-json\/wp\/v2\/pages\/150\/revisions\/610"}],"wp:featuredmedia":[{"embeddable":true,"href":"https:\/\/www.grupo-box.com\/en\/wp-json\/wp\/v2\/media\/599"}],"wp:attachment":[{"href":"https:\/\/www.grupo-box.com\/en\/wp-json\/wp\/v2\/media?parent=150"}],"curies":[{"name":"wp","href":"https:\/\/api.w.org\/{rel}","templated":true}]}}